{"id":59310,"date":"2024-01-09T11:03:04","date_gmt":"2024-01-09T10:03:04","guid":{"rendered":"https:\/\/mariuszbrandt.pl\/contact\/"},"modified":"2024-01-09T11:03:04","modified_gmt":"2024-01-09T10:03:04","slug":"contact","status":"publish","type":"page","link":"https:\/\/mariuszbrandt.pl\/en\/contact\/","title":{"rendered":"Contact"},"content":{"rendered":"\t\t<div data-elementor-type=\"wp-page\" data-elementor-id=\"59310\" class=\"elementor elementor-59310 elementor-13986\" data-elementor-post-type=\"page\">\n\t\t\t\t<div class=\"elementor-element elementor-element-ff0f06f e-con-full e-flex e-con e-parent\" data-id=\"ff0f06f\" data-element_type=\"container\">\n\t\t<div class=\"elementor-element elementor-element-4a80ff7 e-flex e-con-boxed e-con e-child\" data-id=\"4a80ff7\" data-element_type=\"container\">\n\t\t\t\t\t<div class=\"e-con-inner\">\n\t\t<div class=\"elementor-element elementor-element-17bcd51 e-con-full e-flex e-con e-child\" data-id=\"17bcd51\" data-element_type=\"container\">\n\t\t<div class=\"elementor-element elementor-element-4ac0200 e-con-full e-flex e-con e-child\" data-id=\"4ac0200\" data-element_type=\"container\">\n\t\t\t\t<div class=\"elementor-element elementor-element-cecc563 elementor-widget elementor-widget-the7-heading\" data-id=\"cecc563\" data-element_type=\"widget\" data-widget_type=\"the7-heading.default\">\n\t\t\t\t<div class=\"elementor-widget-container\">\n\t\t\t\t\t<h2 class=\"the7-heading-title elementor-size-default\">kontakt<\/h2>\t\t\t\t<\/div>\n\t\t\t\t<\/div>\n\t\t\t\t<div class=\"elementor-element elementor-element-b293ec6 elementor-widget-tablet__width-inherit elementor-widget elementor-widget-text-editor\" data-id=\"b293ec6\" data-element_type=\"widget\" data-widget_type=\"text-editor.default\">\n\t\t\t\t<div class=\"elementor-widget-container\">\n\t\t\t\t\t\t\t\t\t<p>Napisz do mnie albo zadzwo\u0144<\/p>\t\t\t\t\t\t\t\t<\/div>\n\t\t\t\t<\/div>\n\t\t\t\t<\/div>\n\t\t<div class=\"elementor-element elementor-element-8f23807 e-con-full e-flex e-con e-child\" data-id=\"8f23807\" data-element_type=\"container\">\n\t\t\t\t<div class=\"elementor-element elementor-element-9a61f1c elementor-widget elementor-widget-the7-heading\" data-id=\"9a61f1c\" data-element_type=\"widget\" data-widget_type=\"the7-heading.default\">\n\t\t\t\t<div class=\"elementor-widget-container\">\n\t\t\t\t\t<div class=\"the7-heading-title elementor-size-default\">+48 504 154 003<\/div>\t\t\t\t<\/div>\n\t\t\t\t<\/div>\n\t\t\t\t<\/div>\n\t\t<div class=\"elementor-element elementor-element-4423fc1 e-con-full e-flex e-con e-child\" data-id=\"4423fc1\" data-element_type=\"container\">\n\t\t\t\t<div class=\"elementor-element elementor-element-9651dfb elementor-widget elementor-widget-the7-heading\" data-id=\"9651dfb\" data-element_type=\"widget\" data-widget_type=\"the7-heading.default\">\n\t\t\t\t<div class=\"elementor-widget-container\">\n\t\t\t\t\t<div class=\"the7-heading-title elementor-size-default\">pisz@mariuszbrandt.pl<\/div>\t\t\t\t<\/div>\n\t\t\t\t<\/div>\n\t\t\t\t<div class=\"elementor-element elementor-element-0754953 elementor-widget elementor-widget-text-editor\" data-id=\"0754953\" data-element_type=\"widget\" data-widget_type=\"text-editor.default\">\n\t\t\t\t<div class=\"elementor-widget-container\">\n\t\t\t\t\t\t\t\t\t<p>Masz spraw\u0119? Pisz!<\/p>\t\t\t\t\t\t\t\t<\/div>\n\t\t\t\t<\/div>\n\t\t\t\t<\/div>\n\t\t<div class=\"elementor-element elementor-element-1da9371 e-con-full e-flex e-con e-child\" data-id=\"1da9371\" data-element_type=\"container\">\n\t\t\t\t<div class=\"elementor-element elementor-element-17e6c08 e-transform elementor-align-center elementor-widget elementor-widget-the7_icon_widget\" data-id=\"17e6c08\" data-element_type=\"widget\" data-settings=\"{&quot;_transform_scale_effect_hover&quot;:{&quot;unit&quot;:&quot;px&quot;,&quot;size&quot;:1.05,&quot;sizes&quot;:[]},&quot;_transform_scale_effect_hover_tablet&quot;:{&quot;unit&quot;:&quot;px&quot;,&quot;size&quot;:&quot;&quot;,&quot;sizes&quot;:[]},&quot;_transform_scale_effect_hover_mobile&quot;:{&quot;unit&quot;:&quot;px&quot;,&quot;size&quot;:&quot;&quot;,&quot;sizes&quot;:[]}}\" data-widget_type=\"the7_icon_widget.default\">\n\t\t\t\t<div class=\"elementor-widget-container\">\n\t\t\t\t\t<div class=\"the7-icon-wrapper the7-elementor-widget\"><a class=\"elementor-icon\" href=\"https:\/\/tiktok.com\/@MariuszBrandt\"><svg aria-hidden=\"true\" class=\"e-font-icon-svg e-fab-tiktok\" viewBox=\"0 0 448 512\" xmlns=\"http:\/\/www.w3.org\/2000\/svg\"><path d=\"M448,209.91a210.06,210.06,0,0,1-122.77-39.25V349.38A162.55,162.55,0,1,1,185,188.31V278.2a74.62,74.62,0,1,0,52.23,71.18V0l88,0a121.18,121.18,0,0,0,1.86,22.17h0A122.18,122.18,0,0,0,381,102.39a121.43,121.43,0,0,0,67,20.14Z\"><\/path><\/svg><\/a><\/div>\t\t\t\t<\/div>\n\t\t\t\t<\/div>\n\t\t\t\t<div class=\"elementor-element elementor-element-db0c95a e-transform elementor-align-center elementor-widget elementor-widget-the7_icon_widget\" data-id=\"db0c95a\" data-element_type=\"widget\" data-settings=\"{&quot;_transform_scale_effect_hover&quot;:{&quot;unit&quot;:&quot;px&quot;,&quot;size&quot;:1.05,&quot;sizes&quot;:[]},&quot;_transform_scale_effect_hover_tablet&quot;:{&quot;unit&quot;:&quot;px&quot;,&quot;size&quot;:&quot;&quot;,&quot;sizes&quot;:[]},&quot;_transform_scale_effect_hover_mobile&quot;:{&quot;unit&quot;:&quot;px&quot;,&quot;size&quot;:&quot;&quot;,&quot;sizes&quot;:[]}}\" data-widget_type=\"the7_icon_widget.default\">\n\t\t\t\t<div class=\"elementor-widget-container\">\n\t\t\t\t\t<div class=\"the7-icon-wrapper the7-elementor-widget\"><a class=\"elementor-icon\" href=\"http:\/\/x.com\/MariuszBrandt\"><svg xmlns=\"http:\/\/www.w3.org\/2000\/svg\" viewBox=\"0 0 24 24\"><title>X<\/title><path d=\"M18.901 1.153h3.68l-8.04 9.19L24 22.846h-7.406l-5.8-7.584-6.638 7.584H.474l8.6-9.83L0 1.154h7.594l5.243 6.932ZM17.61 20.644h2.039L6.486 3.24H4.298Z\"><\/path><\/svg><\/a><\/div>\t\t\t\t<\/div>\n\t\t\t\t<\/div>\n\t\t\t\t<div class=\"elementor-element elementor-element-3ad6302 e-transform elementor-align-center elementor-widget elementor-widget-the7_icon_widget\" data-id=\"3ad6302\" data-element_type=\"widget\" data-settings=\"{&quot;_transform_scale_effect_hover&quot;:{&quot;unit&quot;:&quot;px&quot;,&quot;size&quot;:1.05,&quot;sizes&quot;:[]},&quot;_transform_scale_effect_hover_tablet&quot;:{&quot;unit&quot;:&quot;px&quot;,&quot;size&quot;:&quot;&quot;,&quot;sizes&quot;:[]},&quot;_transform_scale_effect_hover_mobile&quot;:{&quot;unit&quot;:&quot;px&quot;,&quot;size&quot;:&quot;&quot;,&quot;sizes&quot;:[]}}\" data-widget_type=\"the7_icon_widget.default\">\n\t\t\t\t<div class=\"elementor-widget-container\">\n\t\t\t\t\t<div class=\"the7-icon-wrapper the7-elementor-widget\"><a class=\"elementor-icon\" href=\"https:\/\/facebook.com\/MariuszBrandt\"><svg xmlns=\"http:\/\/www.w3.org\/2000\/svg\" viewBox=\"0 0 24 24\"><title>Facebook<\/title><path d=\"M9.101 23.691v-7.98H6.627v-3.667h2.474v-1.58c0-4.085 1.848-5.978 5.858-5.978.401 0 .955.042 1.468.103a8.68 8.68 0 0 1 1.141.195v3.325a8.623 8.623 0 0 0-.653-.036 26.805 26.805 0 0 0-.733-.009c-.707 0-1.259.096-1.675.309a1.686 1.686 0 0 0-.679.622c-.258.42-.374.995-.374 1.752v1.297h3.919l-.386 2.103-.287 1.564h-3.246v8.245C19.396 23.238 24 18.179 24 12.044c0-6.627-5.373-12-12-12s-12 5.373-12 12c0 5.628 3.874 10.35 9.101 11.647Z\"><\/path><\/svg><\/a><\/div>\t\t\t\t<\/div>\n\t\t\t\t<\/div>\n\t\t\t\t<div class=\"elementor-element elementor-element-379bbd9 e-transform elementor-align-center elementor-widget elementor-widget-the7_icon_widget\" data-id=\"379bbd9\" data-element_type=\"widget\" data-settings=\"{&quot;_transform_scale_effect_hover&quot;:{&quot;unit&quot;:&quot;px&quot;,&quot;size&quot;:1.05,&quot;sizes&quot;:[]},&quot;_transform_scale_effect_hover_tablet&quot;:{&quot;unit&quot;:&quot;px&quot;,&quot;size&quot;:&quot;&quot;,&quot;sizes&quot;:[]},&quot;_transform_scale_effect_hover_mobile&quot;:{&quot;unit&quot;:&quot;px&quot;,&quot;size&quot;:&quot;&quot;,&quot;sizes&quot;:[]}}\" data-widget_type=\"the7_icon_widget.default\">\n\t\t\t\t<div class=\"elementor-widget-container\">\n\t\t\t\t\t<div class=\"the7-icon-wrapper the7-elementor-widget\"><a class=\"elementor-icon\" href=\"https:\/\/instagram.com\/MariuszBrandt\"><svg xmlns=\"http:\/\/www.w3.org\/2000\/svg\" viewBox=\"0 0 24 24\"><title>Instagram<\/title><path d=\"M7.0301.084c-1.2768.0602-2.1487.264-2.911.5634-.7888.3075-1.4575.72-2.1228 1.3877-.6652.6677-1.075 1.3368-1.3802 2.127-.2954.7638-.4956 1.6365-.552 2.914-.0564 1.2775-.0689 1.6882-.0626 4.947.0062 3.2586.0206 3.6671.0825 4.9473.061 1.2765.264 2.1482.5635 2.9107.308.7889.72 1.4573 1.388 2.1228.6679.6655 1.3365 1.0743 2.1285 1.38.7632.295 1.6361.4961 2.9134.552 1.2773.056 1.6884.069 4.9462.0627 3.2578-.0062 3.668-.0207 4.9478-.0814 1.28-.0607 2.147-.2652 2.9098-.5633.7889-.3086 1.4578-.72 2.1228-1.3881.665-.6682 1.0745-1.3378 1.3795-2.1284.2957-.7632.4966-1.636.552-2.9124.056-1.2809.0692-1.6898.063-4.948-.0063-3.2583-.021-3.6668-.0817-4.9465-.0607-1.2797-.264-2.1487-.5633-2.9117-.3084-.7889-.72-1.4568-1.3876-2.1228C21.2982 1.33 20.628.9208 19.8378.6165 19.074.321 18.2017.1197 16.9244.0645 15.6471.0093 15.236-.005 11.977.0014 8.718.0076 8.31.0215 7.0301.0839m.1402 21.6932c-1.17-.0509-1.8053-.2453-2.2287-.408-.5606-.216-.96-.4771-1.3819-.895-.422-.4178-.6811-.8186-.9-1.378-.1644-.4234-.3624-1.058-.4171-2.228-.0595-1.2645-.072-1.6442-.079-4.848-.007-3.2037.0053-3.583.0607-4.848.05-1.169.2456-1.805.408-2.2282.216-.5613.4762-.96.895-1.3816.4188-.4217.8184-.6814 1.3783-.9003.423-.1651 1.0575-.3614 2.227-.4171 1.2655-.06 1.6447-.072 4.848-.079 3.2033-.007 3.5835.005 4.8495.0608 1.169.0508 1.8053.2445 2.228.408.5608.216.96.4754 1.3816.895.4217.4194.6816.8176.9005 1.3787.1653.4217.3617 1.056.4169 2.2263.0602 1.2655.0739 1.645.0796 4.848.0058 3.203-.0055 3.5834-.061 4.848-.051 1.17-.245 1.8055-.408 2.2294-.216.5604-.4763.96-.8954 1.3814-.419.4215-.8181.6811-1.3783.9-.4224.1649-1.0577.3617-2.2262.4174-1.2656.0595-1.6448.072-4.8493.079-3.2045.007-3.5825-.006-4.848-.0608M16.953 5.5864A1.44 1.44 0 1 0 18.39 4.144a1.44 1.44 0 0 0-1.437 1.4424M5.8385 12.012c.0067 3.4032 2.7706 6.1557 6.173 6.1493 3.4026-.0065 6.157-2.7701 6.1506-6.1733-.0065-3.4032-2.771-6.1565-6.174-6.1498-3.403.0067-6.156 2.771-6.1496 6.1738M8 12.0077a4 4 0 1 1 4.008 3.9921A3.9996 3.9996 0 0 1 8 12.0077\"><\/path><\/svg><\/a><\/div>\t\t\t\t<\/div>\n\t\t\t\t<\/div>\n\t\t\t\t<\/div>\n\t\t\t\t<\/div>\n\t\t<div class=\"elementor-element elementor-element-14062c6 e-con-full e-flex e-con e-child\" data-id=\"14062c6\" data-element_type=\"container\" data-settings=\"{&quot;background_background&quot;:&quot;classic&quot;}\">\n\t\t\t\t<div class=\"elementor-element elementor-element-61791e7 elementor-widget elementor-widget-the7-heading\" data-id=\"61791e7\" data-element_type=\"widget\" data-widget_type=\"the7-heading.default\">\n\t\t\t\t<div class=\"elementor-widget-container\">\n\t\t\t\t\t<h3 class=\"the7-heading-title elementor-size-default\">Mo\u017cesz te\u017c skorzysta\u0107 z formularza<\/h3>\t\t\t\t<\/div>\n\t\t\t\t<\/div>\n\t\t\t\t<div class=\"elementor-element elementor-element-a4855fa elementor-widget elementor-widget-text-editor\" data-id=\"a4855fa\" data-element_type=\"widget\" data-widget_type=\"text-editor.default\">\n\t\t\t\t<div class=\"elementor-widget-container\">\n\t\t\t\t\t\t\t\t\t<p>Podaj swoje dane, \u017cebym wiedzia\u0142 z kim mam przyjemno\u015b\u0107 korespondowa\u0107.<\/p>\t\t\t\t\t\t\t\t<\/div>\n\t\t\t\t<\/div>\n\t\t\t\t<div class=\"elementor-element elementor-element-f57b292 elementor-widget__width-inherit elementor-button-align-stretch elementor-widget elementor-widget-form\" data-id=\"f57b292\" data-element_type=\"widget\" data-settings=\"{&quot;step_next_label&quot;:&quot;Next&quot;,&quot;step_previous_label&quot;:&quot;Previous&quot;,&quot;button_width&quot;:&quot;100&quot;,&quot;step_type&quot;:&quot;number_text&quot;,&quot;step_icon_shape&quot;:&quot;circle&quot;}\" data-widget_type=\"form.default\">\n\t\t\t\t<div class=\"elementor-widget-container\">\n\t\t\t\t\t\t\t<form class=\"elementor-form\" method=\"post\" id=\"elementor_post_59310_form_new-form\" name=\"New Form\" aria-label=\"New Form\">\n\t\t\t<input type=\"hidden\" name=\"post_id\" value=\"59310\"\/>\n\t\t\t<input type=\"hidden\" name=\"form_id\" value=\"f57b292\"\/>\n\t\t\t<input type=\"hidden\" name=\"referer_title\" value=\"Contact - Mariusz Brandt\" \/>\n\n\t\t\t\t\t\t\t<input type=\"hidden\" name=\"queried_id\" value=\"59310\"\/>\n\t\t\t\n\t\t\t<div class=\"elementor-form-fields-wrapper elementor-labels-above\">\n\t\t\t\t\t\t\t\t<div class=\"elementor-field-type-text elementor-field-group elementor-column elementor-field-group-name elementor-col-50 elementor-md-100 elementor-field-required elementor-mark-required\">\n\t\t\t\t\t\t\t\t\t\t\t\t<label for=\"form-field-name\" class=\"elementor-field-label\">\n\t\t\t\t\t\t\t\tName\t\t\t\t\t\t\t<\/label>\n\t\t\t\t\t\t\t\t\t\t\t\t\t\t<input size=\"1\" type=\"text\" name=\"form_fields[name]\" id=\"form-field-name\" class=\"elementor-field elementor-size-md  elementor-field-textual\" placeholder=\"Name\" required=\"required\">\n\t\t\t\t\t\t\t\t\t\t\t<\/div>\n\t\t\t\t\t\t\t\t<div class=\"elementor-field-type-email elementor-field-group elementor-column elementor-field-group-email elementor-col-50 elementor-md-100 elementor-field-required elementor-mark-required\">\n\t\t\t\t\t\t\t\t\t\t\t\t<label for=\"form-field-email\" class=\"elementor-field-label\">\n\t\t\t\t\t\t\t\tEmail\t\t\t\t\t\t\t<\/label>\n\t\t\t\t\t\t\t\t\t\t\t\t\t\t<input size=\"1\" type=\"email\" name=\"form_fields[email]\" id=\"form-field-email\" class=\"elementor-field elementor-size-md  elementor-field-textual\" placeholder=\"Email\" required=\"required\">\n\t\t\t\t\t\t\t\t\t\t\t<\/div>\n\t\t\t\t\t\t\t\t<div class=\"elementor-field-type-text elementor-field-group elementor-column elementor-field-group-field_2074ad8 elementor-col-50 elementor-md-100\">\n\t\t\t\t\t\t\t\t\t\t\t\t<label for=\"form-field-field_2074ad8\" class=\"elementor-field-label\">\n\t\t\t\t\t\t\t\tPrzewidywany bud\u017cet miesi\u0119czny na reklam\u0119\t\t\t\t\t\t\t<\/label>\n\t\t\t\t\t\t\t\t\t\t\t\t\t\t<input size=\"1\" type=\"text\" name=\"form_fields[field_2074ad8]\" id=\"form-field-field_2074ad8\" class=\"elementor-field elementor-size-md  elementor-field-textual\" placeholder=\"...wpisz przewidywany bud\u017cet\">\n\t\t\t\t\t\t\t\t\t\t\t<\/div>\n\t\t\t\t\t\t\t\t<div class=\"elementor-field-type-text elementor-field-group elementor-column elementor-field-group-field_6f5281b elementor-col-50 elementor-md-100\">\n\t\t\t\t\t\t\t\t\t\t\t\t<label for=\"form-field-field_6f5281b\" class=\"elementor-field-label\">\n\t\t\t\t\t\t\t\tIle mam czasu na realizacj\u0119?\t\t\t\t\t\t\t<\/label>\n\t\t\t\t\t\t\t\t\t\t\t\t\t\t<input size=\"1\" type=\"text\" name=\"form_fields[field_6f5281b]\" id=\"form-field-field_6f5281b\" class=\"elementor-field elementor-size-md  elementor-field-textual\" placeholder=\"...przewidywany deadline\">\n\t\t\t\t\t\t\t\t\t\t\t<\/div>\n\t\t\t\t\t\t\t\t<div class=\"elementor-field-type-textarea elementor-field-group elementor-column elementor-field-group-message elementor-col-100\">\n\t\t\t\t\t\t\t\t\t\t\t\t<label for=\"form-field-message\" class=\"elementor-field-label\">\n\t\t\t\t\t\t\t\tW jakiej sprawie piszesz? Opisz w skr\u00f3cie temat.\t\t\t\t\t\t\t<\/label>\n\t\t\t\t\t\t<textarea class=\"elementor-field-textual elementor-field  elementor-size-md\" name=\"form_fields[message]\" id=\"form-field-message\" rows=\"7\" placeholder=\"Message\"><\/textarea>\t\t\t\t<\/div>\n\t\t\t\t\t\t\t\t<div class=\"elementor-field-group elementor-column elementor-field-type-submit elementor-col-100 e-form__buttons\">\n\t\t\t\t\t<button class=\"elementor-button elementor-size-lg\" type=\"submit\">\n\t\t\t\t\t\t<span class=\"elementor-button-content-wrapper\">\n\t\t\t\t\t\t\t\t\t\t\t\t\t\t\t\t\t\t\t\t\t\t<span class=\"elementor-button-text\">Wy\u015blij formularz<\/span>\n\t\t\t\t\t\t\t\t\t\t\t\t\t<\/span>\n\t\t\t\t\t<\/button>\n\t\t\t\t<\/div>\n\t\t\t<\/div>\n\t\t<\/form>\n\t\t\t\t\t\t<\/div>\n\t\t\t\t<\/div>\n\t\t\t\t<\/div>\n\t\t\t\t\t<\/div>\n\t\t\t\t<\/div>\n\t\t\t\t<\/div>\n\t\t\t\t<\/div>\n\t\t","protected":false},"excerpt":{"rendered":"<p>contact Write to me or call me +48 504 154 003 pisz@mariuszbrandt.pl Do you have a case? Write! X Facebook Instagram You can also use the form Enter your information so I know with whom I have the pleasure of corresponding.<\/p>\n","protected":false},"author":1,"featured_media":0,"parent":0,"menu_order":60,"comment_status":"closed","ping_status":"closed","template":"","meta":{"_mi_skip_tracking":false,"footnotes":""},"class_list":["post-59310","page","type-page","status-publish","hentry"],"yoast_head":"<!-- This site is optimized with the Yoast SEO plugin v25.6 - https:\/\/yoast.com\/wordpress\/plugins\/seo\/ -->\n<title>Contact - Mariusz Brandt<\/title>\n<meta name=\"robots\" content=\"index, follow, max-snippet:-1, max-image-preview:large, max-video-preview:-1\" \/>\n<link rel=\"canonical\" href=\"https:\/\/mariuszbrandt.pl\/contact\/\" \/>\n<meta property=\"og:locale\" content=\"en_US\" \/>\n<meta property=\"og:type\" content=\"article\" \/>\n<meta property=\"og:title\" content=\"Contact - Mariusz Brandt\" \/>\n<meta property=\"og:description\" content=\"contact Write to me or call me +48 504 154 003 pisz@mariuszbrandt.pl Do you have a case? Write! X Facebook Instagram You can also use the form Enter your information so I know with whom I have the pleasure of corresponding.\" \/>\n<meta property=\"og:url\" content=\"https:\/\/mariuszbrandt.pl\/contact\/\" \/>\n<meta property=\"og:site_name\" content=\"Mariusz Brandt\" \/>\n<meta property=\"article:publisher\" content=\"https:\/\/facebook.com\/mariuszbrandt\" \/>\n<meta name=\"twitter:card\" content=\"summary_large_image\" \/>\n<meta name=\"twitter:site\" content=\"@MariuszBrandt\" \/>\n<script type=\"application\/ld+json\" class=\"yoast-schema-graph\">{\"@context\":\"https:\/\/schema.org\",\"@graph\":[{\"@type\":\"WebPage\",\"@id\":\"https:\/\/mariuszbrandt.pl\/contact\/\",\"url\":\"https:\/\/mariuszbrandt.pl\/contact\/\",\"name\":\"Contact - Mariusz Brandt\",\"isPartOf\":{\"@id\":\"https:\/\/mariuszbrandt.pl\/#website\"},\"datePublished\":\"2024-01-09T10:03:04+00:00\",\"breadcrumb\":{\"@id\":\"https:\/\/mariuszbrandt.pl\/contact\/#breadcrumb\"},\"inLanguage\":\"en-US\",\"potentialAction\":[{\"@type\":\"ReadAction\",\"target\":[\"https:\/\/mariuszbrandt.pl\/contact\/\"]}]},{\"@type\":\"BreadcrumbList\",\"@id\":\"https:\/\/mariuszbrandt.pl\/contact\/#breadcrumb\",\"itemListElement\":[{\"@type\":\"ListItem\",\"position\":1,\"name\":\"Strona g\u0142\u00f3wna\",\"item\":\"https:\/\/mariuszbrandt.pl\/en\/mariusz-brandt\/\"},{\"@type\":\"ListItem\",\"position\":2,\"name\":\"Contact\"}]},{\"@type\":\"WebSite\",\"@id\":\"https:\/\/mariuszbrandt.pl\/#website\",\"url\":\"https:\/\/mariuszbrandt.pl\/\",\"name\":\"Mariusz Brandt\",\"description\":\"Marketing mened\u017cer. Doradztwo i szkolenia.\",\"publisher\":{\"@id\":\"https:\/\/mariuszbrandt.pl\/#organization\"},\"potentialAction\":[{\"@type\":\"SearchAction\",\"target\":{\"@type\":\"EntryPoint\",\"urlTemplate\":\"https:\/\/mariuszbrandt.pl\/?s={search_term_string}\"},\"query-input\":{\"@type\":\"PropertyValueSpecification\",\"valueRequired\":true,\"valueName\":\"search_term_string\"}}],\"inLanguage\":\"en-US\"},{\"@type\":\"Organization\",\"@id\":\"https:\/\/mariuszbrandt.pl\/#organization\",\"name\":\"Mariusz Brandt\",\"alternateName\":\"doradztwo marketingowe\",\"url\":\"https:\/\/mariuszbrandt.pl\/\",\"logo\":{\"@type\":\"ImageObject\",\"inLanguage\":\"en-US\",\"@id\":\"https:\/\/mariuszbrandt.pl\/#\/schema\/logo\/image\/\",\"url\":\"https:\/\/mariuszbrandt.pl\/wp-content\/uploads\/2025\/02\/Logo-duza-rozdzielczosc-1.png\",\"contentUrl\":\"https:\/\/mariuszbrandt.pl\/wp-content\/uploads\/2025\/02\/Logo-duza-rozdzielczosc-1.png\",\"width\":200,\"height\":200,\"caption\":\"Mariusz Brandt\"},\"image\":{\"@id\":\"https:\/\/mariuszbrandt.pl\/#\/schema\/logo\/image\/\"},\"sameAs\":[\"https:\/\/facebook.com\/mariuszbrandt\",\"https:\/\/x.com\/MariuszBrandt\"]}]}<\/script>\n<!-- \/ Yoast SEO plugin. -->","yoast_head_json":{"title":"Contact - Mariusz Brandt","robots":{"index":"index","follow":"follow","max-snippet":"max-snippet:-1","max-image-preview":"max-image-preview:large","max-video-preview":"max-video-preview:-1"},"canonical":"https:\/\/mariuszbrandt.pl\/contact\/","og_locale":"en_US","og_type":"article","og_title":"Contact - Mariusz Brandt","og_description":"contact Write to me or call me +48 504 154 003 pisz@mariuszbrandt.pl Do you have a case? Write! X Facebook Instagram You can also use the form Enter your information so I know with whom I have the pleasure of corresponding.","og_url":"https:\/\/mariuszbrandt.pl\/contact\/","og_site_name":"Mariusz Brandt","article_publisher":"https:\/\/facebook.com\/mariuszbrandt","twitter_card":"summary_large_image","twitter_site":"@MariuszBrandt","schema":{"@context":"https:\/\/schema.org","@graph":[{"@type":"WebPage","@id":"https:\/\/mariuszbrandt.pl\/contact\/","url":"https:\/\/mariuszbrandt.pl\/contact\/","name":"Contact - Mariusz Brandt","isPartOf":{"@id":"https:\/\/mariuszbrandt.pl\/#website"},"datePublished":"2024-01-09T10:03:04+00:00","breadcrumb":{"@id":"https:\/\/mariuszbrandt.pl\/contact\/#breadcrumb"},"inLanguage":"en-US","potentialAction":[{"@type":"ReadAction","target":["https:\/\/mariuszbrandt.pl\/contact\/"]}]},{"@type":"BreadcrumbList","@id":"https:\/\/mariuszbrandt.pl\/contact\/#breadcrumb","itemListElement":[{"@type":"ListItem","position":1,"name":"Strona g\u0142\u00f3wna","item":"https:\/\/mariuszbrandt.pl\/en\/mariusz-brandt\/"},{"@type":"ListItem","position":2,"name":"Contact"}]},{"@type":"WebSite","@id":"https:\/\/mariuszbrandt.pl\/#website","url":"https:\/\/mariuszbrandt.pl\/","name":"Mariusz Brandt","description":"Marketing mened\u017cer. Doradztwo i szkolenia.","publisher":{"@id":"https:\/\/mariuszbrandt.pl\/#organization"},"potentialAction":[{"@type":"SearchAction","target":{"@type":"EntryPoint","urlTemplate":"https:\/\/mariuszbrandt.pl\/?s={search_term_string}"},"query-input":{"@type":"PropertyValueSpecification","valueRequired":true,"valueName":"search_term_string"}}],"inLanguage":"en-US"},{"@type":"Organization","@id":"https:\/\/mariuszbrandt.pl\/#organization","name":"Mariusz Brandt","alternateName":"doradztwo marketingowe","url":"https:\/\/mariuszbrandt.pl\/","logo":{"@type":"ImageObject","inLanguage":"en-US","@id":"https:\/\/mariuszbrandt.pl\/#\/schema\/logo\/image\/","url":"https:\/\/mariuszbrandt.pl\/wp-content\/uploads\/2025\/02\/Logo-duza-rozdzielczosc-1.png","contentUrl":"https:\/\/mariuszbrandt.pl\/wp-content\/uploads\/2025\/02\/Logo-duza-rozdzielczosc-1.png","width":200,"height":200,"caption":"Mariusz Brandt"},"image":{"@id":"https:\/\/mariuszbrandt.pl\/#\/schema\/logo\/image\/"},"sameAs":["https:\/\/facebook.com\/mariuszbrandt","https:\/\/x.com\/MariuszBrandt"]}]}},"_links":{"self":[{"href":"https:\/\/mariuszbrandt.pl\/en\/wp-json\/wp\/v2\/pages\/59310","targetHints":{"allow":["GET"]}}],"collection":[{"href":"https:\/\/mariuszbrandt.pl\/en\/wp-json\/wp\/v2\/pages"}],"about":[{"href":"https:\/\/mariuszbrandt.pl\/en\/wp-json\/wp\/v2\/types\/page"}],"author":[{"embeddable":true,"href":"https:\/\/mariuszbrandt.pl\/en\/wp-json\/wp\/v2\/users\/1"}],"replies":[{"embeddable":true,"href":"https:\/\/mariuszbrandt.pl\/en\/wp-json\/wp\/v2\/comments?post=59310"}],"version-history":[{"count":0,"href":"https:\/\/mariuszbrandt.pl\/en\/wp-json\/wp\/v2\/pages\/59310\/revisions"}],"wp:attachment":[{"href":"https:\/\/mariuszbrandt.pl\/en\/wp-json\/wp\/v2\/media?parent=59310"}],"curies":[{"name":"wp","href":"https:\/\/api.w.org\/{rel}","templated":true}]}}